{"id":10012,"date":"2023-11-23T20:02:55","date_gmt":"2023-11-23T19:02:55","guid":{"rendered":"https:\/\/maderotherapy.com\/uslovi-kupovine\/"},"modified":"2023-11-28T13:53:15","modified_gmt":"2023-11-28T12:53:15","slug":"uslovi-kupovine","status":"publish","type":"page","link":"https:\/\/maderotherapy.com\/sr\/uslovi-kupovine\/","title":{"rendered":"Uslovi kupovine"},"content":{"rendered":"\t\t<div data-elementor-type=\"wp-page\" data-elementor-id=\"10012\" data-post-id=\"10012\" data-obj-id=\"10012\" class=\"elementor elementor-10012 dce-elementor-post-10012 elementor-9988\" data-elementor-post-type=\"page\">\n\t\t\t\t\t\t<section class=\"elementor-section elementor-top-section elementor-element elementor-element-0b33786 elementor-section-boxed elementor-section-height-default elementor-section-height-default\" data-id=\"0b33786\" data-element_type=\"section\" data-e-type=\"section\">\n\t\t\t\t\t\t<div class=\"elementor-container elementor-column-gap-default\">\n\t\t\t\t\t<div class=\"elementor-column elementor-col-100 elementor-top-column elementor-element elementor-element-82ac4f5\" data-id=\"82ac4f5\" data-element_type=\"column\" data-e-type=\"column\">\n\t\t\t<div class=\"elementor-widget-wrap elementor-element-populated\">\n\t\t\t\t\t\t<div class=\"elementor-element elementor-element-37b8637 elementor-widget elementor-widget-heading\" data-id=\"37b8637\" data-element_type=\"widget\" data-e-type=\"widget\" data-widget_type=\"heading.default\">\n\t\t\t\t<div class=\"elementor-widget-container\">\n\t\t\t\t\t<h1 class=\"elementor-heading-title elementor-size-default\">Uslovi kupovine<\/h1>\t\t\t\t<\/div>\n\t\t\t\t<\/div>\n\t\t\t\t<div class=\"elementor-element elementor-element-a4a7642 elementor-widget elementor-widget-text-editor\" data-id=\"a4a7642\" data-element_type=\"widget\" data-e-type=\"widget\" data-widget_type=\"text-editor.default\">\n\t\t\t\t<div class=\"elementor-widget-container\">\n\t\t\t\t\t\t\t\t\t<p><strong>PODACI O TRGOVCU<\/strong><\/p>\n<p>Poslovno ime: Maderoterapija centar<br \/>\nAdresa: Rajka od Rasine 49, 11030 \u010cukarica, Beograd, Srbija<br \/>\nDelatnost: 8559 &#8211; Ostalo obrazovanje<br \/>\nMati\u010dni broj: 64966138<br \/>\nPoreski broj: 110717256<br \/>\nWeb adresa: www.maderotherapy.com<br \/>\nKontakt e-mail: info@maderotherapy.com<br \/>\nKontakt telefon: +381 606969389<\/p>\n<p><strong>USLOVI KUPOVINE<\/strong><\/p>\n<p>Po\u0161tovani korisnici, molimo vas da pre kori\u0161\u0107enja na\u0161ih usluga, pa\u017eljivo pro\u010ditate slede\u0107e uslove.<br \/>\nSvaka poseta na\u0161em sajtu, kao i kupovina, zna\u010di da ste ove uslove pro\u010ditali i da se sla\u017eete sa njima u potpunosti. Ukoliko su uslovi za vas neprihvatljivi, molimo Vas da ne koristite sajt www.maderotherapy.com.<\/p>\n<p><strong>OP\u0160TI USLOVI POSLOVANJA<\/strong><\/p>\n<p>Ovim op\u0161tim uslovima kori\u0161\u0107enja usluga propisana su osnovna pravila \u010dijim \u0107e po\u0161tovanjem od strane Maderoterapija centra, sa sedi\u0161tem u ul. Rajka od Rasine 49, 11030 \u010cukarica, Beograd, Srbija, delatnost Ostalo obrazovanje, \u0161ifra delatnosti 8559, mati\u010dni broj 64966138, PIB 110717256, web adresa www.maderotherapy.com, kontakt e-mail info@maderotherapy.com (u daljem tekstu: Prodavac) i krajnjeg korisnika (u daljem tekstu: Kupac) biti obezbe\u0111eno uspe\u0161no okon\u010danje prodajnih transakcija putem On-line prodaja internet prodavnice.<\/p>\n<p>Ovde propisani op\u0161ti uslovi poslovanja prodavca, slu\u017ee da kupac na jasan i nedvosmislen na\u010din bude upoznat sa uslovima pod kojima mo\u017ee do\u0107i do zaklju\u010denja ugovora o kupoprodaji, na\u010dinom zaklju\u010denja takvog ugovora, svim pravima i obavezama kupca prilikom kupovine robe, kao i obave\u0161tenjima koje prodavac du\u017ean da uputi kupcima pre zaklju\u010denja ugovora.<\/p>\n<p>Nepo\u0161tovanje ovde definisanih pravila mo\u017ee prouzrokovati neizvr\u0161enje platne transakcije ili neuspelu narud\u017ebinu.<\/p>\n<p>Pravilnikom su precizirane i posledice koje u slu\u010daju neizvr\u0161enja transakcije ili neuspele narud\u017ebine snose Prodavac i Kupac.<\/p>\n<p>Prodavac zadr\u017eava pravo promene uslova kori\u0161\u0107enja zavisno od promene u ponudi svojih usluga i\/ili va\u017ee\u0107e zakonske regulative.<\/p>\n<p>Ovde propisani op\u0161ti uslovi poslovanja prodavca, sastavni su deo ugovora o kupoprodaji koji \u0107e biti zaklju\u010den izme\u0111u prodavca i kupca.<\/p>\n<p>Kupac je u obavezi da se pre svake kupovine upozna sa obave\u0161tenjima koje je prodavac istakao na svom sajtu, proveri sve informacije vezane za uslove poslovanja, kao i da u svemu po\u0161tuje postupak za zaklju\u010denje ugovora o kupoprodaji.<\/p>\n<p>Sve porud\u017ebine putem internet prodaje obavezuju\u0107e su i za Kupca i Prodavca istovremeno.<\/p>\n<p><strong>TEHNI\u010cKA PODR\u0160KA<\/strong><\/p>\n<p>Za dodatne informacije u vezi sa narud\u017ebinom, kao i u slu\u010daju reklamacije ili otkaza narud\u017ebine korisnici\/kupci se mogu obratiti Korisni\u010dkom servisu slanjem mail-a na info@maderotherapy.com.<\/p>\n<p><strong>PORU\u010cIVANJE ROBE<\/strong><\/p>\n<p>Kupac se obavezuje da \u0107e tokom naru\u010divanja preko interneta pratiti slede\u0107i postupak kod zaklju\u010denja ugovora o kupoprodaji:<\/p>\n<ul>\n<li>korak 1 \u2013 upoznavanje sa op\u0161tim uslovima poslovanja prodavca, obave\u0161tenjima o osnovnim podacima prodavca, upoznavanje sa svim pravima i obavezama kupca, \u0161to je sve na nadvosmislen i jasan na\u010din istaknuto na sajtu prodavca;<\/li>\n<li>korak 2 \u2013 prijavljivanje (logovanje) na portal<\/li>\n<li>korak 3 \u2013 izbor proizvoda i ubacivanje proizvoda u korisni\u010dku korpu<\/li>\n<li>korak 4 \u2013 provera\/upisivanje podataka za slanje narud\u017ebine<\/li>\n<li>korak 5 \u2013 izbor na\u010dina pla\u0107anja<\/li>\n<li>korak 6 \u2013 pla\u0107anje bankovnom karticom u slu\u010daju izbora takvog na\u010dina pla\u0107anja<\/li>\n<li>korak 7 \u2013 provera povratne poruke od Prodavca-potvrda porud\u017ebenice i postupanje u skladu sa sadr\u017eajem poruke.<\/li>\n<\/ul>\n<p>Jedna osoba mo\u017ee da naru\u010di vi\u0161e proizvoda u jednoj transakciji.<\/p>\n<p>Kada kupac obavi sve gore navedene korake, smatra se da je uputio prodavcu porud\u017ebenicu.<\/p>\n<p>Prodavac je u obavezi da kupcu potvrdi porud\u017ebenicu i to u roku od 2 radna dana od trenutka prijema porud\u017ebenice ili da u istom roku obavesti kupca da nije u mogu\u0107nosti da mu isporu\u010di poru\u010denu robu. Ukoliko su svi uslovi za kupovinu obezbe\u0111eni, prodavac \u0107e poslati potvrdu porud\u017ebine na e-mail adresu koju je kupac nazna\u010dio prilikom registracije, time prihvataju\u0107i ponudu za zaklju\u010denje ugovora. Ugovor se smatra zaklju\u010denim tek kada prodavac po\u0161alje e-mail u kome kupca obave\u0161tava o terminu dostave poru\u010denog artikla.<\/p>\n<p>Ukoliko prodavac nije u mogu\u0107nosti da obezbedi poru\u010deni artikal, posla\u0107e e-mail u kome obave\u0161tava kupca da poru\u010deni artikal vi\u0161e nije raspolo\u017eiv, te da je porud\u017ebina otkazana. U tom slu\u010daju ugovor ne\u0107e biti zaklju\u010den.<\/p>\n<p>Nakon uspe\u0161ne kupovine preko sajta kupac na e-mail dobija potvrdu na osnovu koje \u0107e usluga biti realizovana.<\/p>\n<p>Cene proizvoda su jasno istaknute na sajtu prodavca. Sve cene prikazane su sa ura\u010dunatim PDV-om. Prodavac zadr\u017eava pravo promene cena bez prethodnog obave\u0161tavanja, kao i pravo dodavanja ili povla\u010denja iz ponude bilo kog artikla, u svakom trenutku.<\/p>\n<p><strong>NA\u010cIN PLA\u0106ANJA<\/strong><\/p>\n<p>Pla\u0107anje se vr\u0161i na slede\u0107a dva na\u010dina po izboru kupca i to:<\/p>\n<ul>\n<li>Pla\u0107anjem preko dostavljene uplatnice;<\/li>\n<li>Platnom karticom pre dostavljanja robe kupcu;<\/li>\n<\/ul>\n<p>Kod pla\u0107anja robe putem platne kartice, istovremenom sa slanjem porud\u017ebenice kupcu, ukupna cena poru\u010dene robe bi\u0107e napla\u0107ena sa bankovnog ra\u010duna kupca.<\/p>\n<p>Kod pla\u0107anja narud\u017ebine preko uplatnice direktno na na\u0161 ra\u010dun, narud\u017ebina \u0107e biti poslata kada sredstva budu upla\u0107ena na na\u0161 ra\u010dun. Rok za isporuku narud\u017ebine iznosi 5 radnih dana od potvr\u0111ene porud\u017ebine i izvr\u0161ene uplate na na\u0161 ra\u010dun.<\/p>\n<p><strong>IZJAVA O POVRA\u0106AJU SREDSTAVA<\/strong><\/p>\n<p>U slu\u010daju vra\u0107anja robe i povra\u0107aja sredstava kupcu koji je prethodno platio nekom od platnih kartica, delimi\u010dno ili u celosti, a bez obzira na razlog vra\u0107anja,\u00a0<em>prodavac<\/em>\u00a0je u obavezi da povra\u0107aj vr\u0161i isklju\u010divo preko VISA, EC\/MC i Maestro metoda pla\u0107anja, \u0161to zna\u010di da \u0107e banka na zahtev prodavca obaviti povra\u0107aj sredstava na ra\u010dun korisnika kartice<\/p>\n<p>U slu\u010daju da presko\u010di ili prekine proces pla\u0107anja kori\u0161\u0107enjem platne kartice, Kupac gubi sva prava koja su proistekla iz postupka naru\u010divanja robe.<\/p>\n<p><strong>IZJAVA O KONVERZIJI VALUTA<\/strong><\/p>\n<p>Sva pla\u0107anja \u0107e se vr\u0161iti u srpskoj valuti \u2013 dinarima (RSD). Iznos na koji \u0107e ra\u010dun va\u0161e kreditne kartice biti zadu\u017een dobija se konverzijom cene u evrima u srpski dinar prema va\u017ee\u0107em kursu Narodne banke Srbije. Prilikom zadu\u017eivanja va\u0161e kreditne kartice, isti iznos se konvertuje u lokalnu valutu prema kursu udru\u017eenja kreditnih kartica. Kao rezultat ove konverzije postoji mogu\u0107nost blage razlike od originalne cene navedene na na\u0161em sajtu.<\/p>\n<p><strong>REKLAMACIJA<\/strong><\/p>\n<p>Kupac mo\u017ee da izjavi reklamaciju radi ostvarenja svojih prava u slu\u010daju isporu\u010dene robe sa nedostatkom ili u slu\u010daju nesaobraznosti isporu\u010dene robe.<\/p>\n<p>Pretpostavlja se da je isporu\u010dena roba saobrazna ugovoru:<\/p>\n<ul>\n<li>ako odgovara opisu koji je dao trgovac, i ako ima svojstva robe koju je trgovac pokazao potro\u0161a\u010du kao uzorak ili model;<\/li>\n<li>ako ima svojstva potrebna za redovnu upotrebu robe iste vrste;<\/li>\n<li>ako ima svojstva potrebna za naro\u010ditu upotrebu za koju je potro\u0161a\u010d nabavlja,<\/li>\n<li>ako po kvalitetu odgovara onome \u0161to je uobi\u010dajeno kod robe iste vrste i \u0161to potro\u0161a\u010d mo\u017ee osnovano da o\u010dekuje i javna obe\u0107anja o posebnim svojstvima robe data od strane prodavca, proizvo\u0111a\u010da ili njihovih predstavnika, naro\u010dito ako je obe\u0107anje u\u010dinjeno putem oglasa ili na ambala\u017ei robe..<\/li>\n<\/ul>\n<p>Reklamaciju na nesaobraznost ili na odre\u0111ene nedostatke, kupac mo\u017ee izjaviti u roku od 6 meseci od dana kupovine proizvoda ili prijema robe, isklju\u010divo uz originalni ra\u010dun.<\/p>\n<p>Kupac reklamaciju mo\u017ee izjaviti preko elektronske po\u0161te info@maderotherapy.com, preko obrasca za reklamaciju u elektronskom obliku koji se mo\u017ee preuzeti kao trajni nosa\u010d zapisa dostupnom na stajtu prodavca, uz istovremeno dostavljanje robe prodavcu koja je predmet kupoprodaje i uz orginalni primerak maloprodajnog ra\u010duna.<\/p>\n<p>U slu\u010daju reklamacije roba se dostavlja prodavcu preko kurirske slu\u017ebe o tro\u0161ku prodavca.<\/p>\n<p>Osnovanost zahteva za reklamaciju utvr\u0111uje nadle\u017ena komisija. Prodavac je u obavezi da na izjavljenu reklamaciju kupca, odgovori u roku od 8 dana od dana prijema reklamacije, uz predlog za na\u010din otklanjanja nedostatka ili nesaobraznosti robe, kao i rokom u kome takav nedostatak ili nesaobraznost robe mo\u017ee biti otklonjena, ali svakako ne du\u017eem od 15 dana.<\/p>\n<p>Ako isporu\u010dena roba nije saobrazna ugovoru, kupac ima pravo da bira izme\u0111u zahteva za da se nesaobraznost otkloni korekcijom, zamenom, odgovaraju\u0107im umanjenjem cene ili da izjavi da raskida ugovor.<\/p>\n<p>Ako otklanjanje nesaobraznosti nije mogu\u0107e ili ako predstavlja nesrazmerno optere\u0107enje za prodavca, kupac mo\u017ee da pismeno zahteva umanjenje cene ili da izjavi da raskida ugovor. U zavisnosti od zahteva kupca, prodavac je du\u017ean da celokupan iznos kupoprodajne cene ili deo cene za koju se prihvati umanjenje od strane prodavca, vrati kupcu u roku od 14 dana.<\/p>\n<p>Ukoliko kupac odlu\u010di da raskine ugovor du\u017ean je da prodavcu vrati predmetnu robu u roku 3 dana od dana izjavljenog raskida ugovora. Ovde ugovoreni rok za povra\u0107aj kupoprodajne cene mo\u017ee biti produ\u017een za vreme koje je kupcu potrebno da vrati predmetnu robu.<\/p>\n<p>Kupac tako\u0111e ima pravo na raskid ovog ugovora ukoliko prodavac ne otkloni nesaobraznost prodate robe u utvr\u0111enom roku.<\/p>\n<p>Kupac u svakom slu\u010daju nema pravo na raskid ugovora ukoliko je nesaobraznost robe neznatna.<\/p>\n<p>Prodavac ne odgovara za eventualnu \u0161tetu koja bi mogla da bude prouzrokovana kupcu od strane robe sa nedostacima, kada je proizvo\u0111a\u010d i\/ili uvoznik takve robe poznat.<\/p>\n<p>Prodavac garantuje kupcu za za\u0161titu svih li\u010dnih podataka pribavljenih od kupca, odnosno da isti ne\u0107e biti upotrebljavani za bilo koju drugu svrhu osim za svrhu realizacije ugovora o kupoprodaji robe.<\/p>\n<p>Prilikom uno\u0161enja podataka o platnoj kartici, poverljive informacije se prenose putem javne mre\u017ee u za\u0161ti\u0107enoj (kriptovanoj) formi, upotrebom SSL protokola i PKI sistema, kao trenutno najsavremenije tehnologije.<\/p>\n<p>Sigurnost podataka prilikom kupovine, garantuje procesor platnih kartica, Banca Intesa ad Beograd, pa se tako kompletni proces naplate obavlja na stranicama banke. Niti jednog trenutka podaci o platnoj kartici nisu dostupni na\u0161em sistemu.<\/p>\n<p>Prodavac upozorava kupca da svi eventualni sporovi mogu biti re\u0161eni vansudskim putem, dakle sporazumom i u duhu dobre poslovne saradnje, kao u postupku medijacije pred nadle\u017enim sudom.<\/p>\n<p><strong>SAGLASNOST I PROMENE USLOVA<\/strong><\/p>\n<p>Kori\u0161\u0107enje na\u0161ih usluga podrazumeva saglasnost korisnika sa navedenim\u00a0<strong>Uslovima kori\u0161\u0107enja<\/strong>. Prodavac se obavezuje da \u0107e se pridr\u017eavati svega navedenog, a sve promene uslova postaju va\u017ee\u0107e tek nakon objavljivanja na ovoj strani.<\/p>\n<p><strong>AUTORSKA PRAVA<\/strong><\/p>\n<p>Prodavac pola\u017ee autorska prava na sve vlastite sadr\u017eaje (tekstualne, fotografije proizvoda, vizuelne materijale, baze podataka i programerski kod) koji sadr\u017ei sajt www.maderotherapy.com. Neovla\u0161\u0107eno kori\u0161\u0107enje bilo kog dela sajta, bez dozvole vlasnika autorskih prava, smatra se kr\u0161enjem autorskih prava brenda maderotherapy.com i podlo\u017eno je tu\u017ebi.<\/p>\n<p><strong>ZA\u0160TITA PRIVATNOSTI<\/strong><\/p>\n<p>Prodavac po\u0161tuje privatnost svojih korisnika i posetilaca sajta. Podatke iz procesa registracije, kao i ostale podatke o korisniku, Prodavac ne\u0107e davati na uvid tre\u0107oj strani. Podaci o korisniku ne\u0107e biti dostupni tre\u0107oj strani osim u slu\u010daju kada je takva obaveza regulisana zakonom. Prodavac se obavezuje da \u0107e \u010duvati privatnost korisnika sajta, osim u slu\u010daju te\u0161kog kr\u0161enja pravila sajta ili nezakonitih aktivnosti korisnika.<\/p>\n<p>Prodavac garantuje kupcu za za\u0161titu svih li\u010dnih podataka pribavljenih od kupca, odnosno da isti ne\u0107e biti upotrebljavani za bilo koju drugu svrhu osim za svrhu realizacije ugovora o kupoprodaji robe.<\/p>\n<p><strong>ZA\u0160TITA POVERLJIVIH PODATAKA O TRANSAKCIJI<\/strong><\/p>\n<p>Prilikom uno\u0161enja podataka o platnoj kartici, poverljive informacija se prenose putem javne mre\u017ee u za\u0161ti\u0107enoj (kriptovanoj) formi upotrebom SSL protokola i PKI sistema, kao trenutno najsavremenije kriptografske tehnologije.<\/p>\n<p>Sigurnost podataka prilikom kupovine, garantuje procesor platnih kartica, Banca Intesa ad Beograd, pa se tako kompletni proces naplate obavlja na stranicama banke. Niti jednog trenutka podaci o platnoj kartici nisu dostupni na\u0161em sistemu.<\/p>\n<p><em>Prodavac upozorava kupca da svi eventualni sporovi mogu biti re\u0161eni vansudskim putem, dakle sporazumom i u duhu dobre poslovne saradnje, kao u postupku medijacije pred nadle\u017enim sudom.<\/em><\/p>\n<p><em>U Beogradu, 21.11.2023.<\/em><\/p>\n\t\t\t\t\t\t\t\t<\/div>\n\t\t\t\t<\/div>\n\t\t\t\t\t<\/div>\n\t\t<\/div>\n\t\t\t\t\t<\/div>\n\t\t<\/section>\n\t\t\t\t<\/div>\n\t\t","protected":false},"excerpt":{"rendered":"<p>PODACI O TRGOVCU Poslovno ime: Maderoterapija centar Adresa: Rajka od Rasine 49, 11030 \u010cukarica, Beograd, Srbija Delatnost: 8559 &#8211; Ostalo obrazovanje Mati\u010dni broj: 64966138 Poreski broj: 110717256 Web adresa: www.maderotherapy.com Kontakt e-mail: info@maderotherapy.com Kontakt telefon: +381 606969389 USLOVI KUPOVINE Po\u0161tovani korisnici, molimo vas da pre kori\u0161\u0107enja na\u0161ih usluga, pa\u017eljivo pro\u010ditate slede\u0107e uslove. Svaka poseta na\u0161em [&hellip;]<\/p>\n","protected":false},"author":1,"featured_media":0,"parent":0,"menu_order":0,"comment_status":"closed","ping_status":"closed","template":"","meta":{"_acf_changed":false,"footnotes":""},"class_list":["post-10012","page","type-page","status-publish","hentry"],"acf":[],"yoast_head":"<!-- This site is optimized with the Yoast SEO plugin v27.2 - https:\/\/yoast.com\/product\/yoast-seo-wordpress\/ -->\n<title>Uslovi kupovine - European Madero Association<\/title>\n<meta name=\"robots\" content=\"index, follow, max-snippet:-1, max-image-preview:large, max-video-preview:-1\" \/>\n<link rel=\"canonical\" href=\"https:\/\/maderotherapy.com\/sr\/uslovi-kupovine\/\" \/>\n<meta property=\"og:locale\" content=\"sr_RS\" \/>\n<meta property=\"og:type\" content=\"article\" \/>\n<meta property=\"og:title\" content=\"Uslovi kupovine - European Madero Association\" \/>\n<meta property=\"og:description\" content=\"PODACI O TRGOVCU Poslovno ime: Maderoterapija centar Adresa: Rajka od Rasine 49, 11030 \u010cukarica, Beograd, Srbija Delatnost: 8559 &#8211; Ostalo obrazovanje Mati\u010dni broj: 64966138 Poreski broj: 110717256 Web adresa: www.maderotherapy.com Kontakt e-mail: info@maderotherapy.com Kontakt telefon: +381 606969389 USLOVI KUPOVINE Po\u0161tovani korisnici, molimo vas da pre kori\u0161\u0107enja na\u0161ih usluga, pa\u017eljivo pro\u010ditate slede\u0107e uslove. Svaka poseta na\u0161em [&hellip;]\" \/>\n<meta property=\"og:url\" content=\"https:\/\/maderotherapy.com\/sr\/uslovi-kupovine\/\" \/>\n<meta property=\"og:site_name\" content=\"European Madero Association\" \/>\n<meta property=\"article:modified_time\" content=\"2023-11-28T12:53:15+00:00\" \/>\n<meta name=\"twitter:card\" content=\"summary_large_image\" \/>\n<meta name=\"twitter:label1\" content=\"Procenjeno vreme \u010ditanja\" \/>\n\t<meta name=\"twitter:data1\" content=\"10 minuta\" \/>\n<script type=\"application\/ld+json\" class=\"yoast-schema-graph\">{\"@context\":\"https:\/\/schema.org\",\"@graph\":[{\"@type\":\"WebPage\",\"@id\":\"https:\/\/maderotherapy.com\/sr\/uslovi-kupovine\/\",\"url\":\"https:\/\/maderotherapy.com\/sr\/uslovi-kupovine\/\",\"name\":\"Uslovi kupovine - European Madero Association\",\"isPartOf\":{\"@id\":\"https:\/\/maderotherapy.com\/sr\/#website\"},\"datePublished\":\"2023-11-23T19:02:55+00:00\",\"dateModified\":\"2023-11-28T12:53:15+00:00\",\"breadcrumb\":{\"@id\":\"https:\/\/maderotherapy.com\/sr\/uslovi-kupovine\/#breadcrumb\"},\"inLanguage\":\"sr-RS\",\"potentialAction\":[{\"@type\":\"ReadAction\",\"target\":[\"https:\/\/maderotherapy.com\/sr\/uslovi-kupovine\/\"]}]},{\"@type\":\"BreadcrumbList\",\"@id\":\"https:\/\/maderotherapy.com\/sr\/uslovi-kupovine\/#breadcrumb\",\"itemListElement\":[{\"@type\":\"ListItem\",\"position\":1,\"name\":\"Home\",\"item\":\"https:\/\/maderotherapy.com\/\"},{\"@type\":\"ListItem\",\"position\":2,\"name\":\"Uslovi kupovine\"}]},{\"@type\":\"WebSite\",\"@id\":\"https:\/\/maderotherapy.com\/sr\/#website\",\"url\":\"https:\/\/maderotherapy.com\/sr\/\",\"name\":\"European Madero Association\",\"description\":\"\",\"publisher\":{\"@id\":\"https:\/\/maderotherapy.com\/sr\/#organization\"},\"potentialAction\":[{\"@type\":\"SearchAction\",\"target\":{\"@type\":\"EntryPoint\",\"urlTemplate\":\"https:\/\/maderotherapy.com\/sr\/?s={search_term_string}\"},\"query-input\":{\"@type\":\"PropertyValueSpecification\",\"valueRequired\":true,\"valueName\":\"search_term_string\"}}],\"inLanguage\":\"sr-RS\"},{\"@type\":\"Organization\",\"@id\":\"https:\/\/maderotherapy.com\/sr\/#organization\",\"name\":\"European Madero Association\",\"url\":\"https:\/\/maderotherapy.com\/sr\/\",\"logo\":{\"@type\":\"ImageObject\",\"inLanguage\":\"sr-RS\",\"@id\":\"https:\/\/maderotherapy.com\/sr\/#\/schema\/logo\/image\/\",\"url\":\"https:\/\/maderotherapy.com\/wp-content\/uploads\/2021\/04\/madero-logo.svg\",\"contentUrl\":\"https:\/\/maderotherapy.com\/wp-content\/uploads\/2021\/04\/madero-logo.svg\",\"width\":1,\"height\":1,\"caption\":\"European Madero Association\"},\"image\":{\"@id\":\"https:\/\/maderotherapy.com\/sr\/#\/schema\/logo\/image\/\"}}]}<\/script>\n<!-- \/ Yoast SEO plugin. -->","yoast_head_json":{"title":"Uslovi kupovine - European Madero Association","robots":{"index":"index","follow":"follow","max-snippet":"max-snippet:-1","max-image-preview":"max-image-preview:large","max-video-preview":"max-video-preview:-1"},"canonical":"https:\/\/maderotherapy.com\/sr\/uslovi-kupovine\/","og_locale":"sr_RS","og_type":"article","og_title":"Uslovi kupovine - European Madero Association","og_description":"PODACI O TRGOVCU Poslovno ime: Maderoterapija centar Adresa: Rajka od Rasine 49, 11030 \u010cukarica, Beograd, Srbija Delatnost: 8559 &#8211; Ostalo obrazovanje Mati\u010dni broj: 64966138 Poreski broj: 110717256 Web adresa: www.maderotherapy.com Kontakt e-mail: info@maderotherapy.com Kontakt telefon: +381 606969389 USLOVI KUPOVINE Po\u0161tovani korisnici, molimo vas da pre kori\u0161\u0107enja na\u0161ih usluga, pa\u017eljivo pro\u010ditate slede\u0107e uslove. Svaka poseta na\u0161em [&hellip;]","og_url":"https:\/\/maderotherapy.com\/sr\/uslovi-kupovine\/","og_site_name":"European Madero Association","article_modified_time":"2023-11-28T12:53:15+00:00","twitter_card":"summary_large_image","twitter_misc":{"Procenjeno vreme \u010ditanja":"10 minuta"},"schema":{"@context":"https:\/\/schema.org","@graph":[{"@type":"WebPage","@id":"https:\/\/maderotherapy.com\/sr\/uslovi-kupovine\/","url":"https:\/\/maderotherapy.com\/sr\/uslovi-kupovine\/","name":"Uslovi kupovine - European Madero Association","isPartOf":{"@id":"https:\/\/maderotherapy.com\/sr\/#website"},"datePublished":"2023-11-23T19:02:55+00:00","dateModified":"2023-11-28T12:53:15+00:00","breadcrumb":{"@id":"https:\/\/maderotherapy.com\/sr\/uslovi-kupovine\/#breadcrumb"},"inLanguage":"sr-RS","potentialAction":[{"@type":"ReadAction","target":["https:\/\/maderotherapy.com\/sr\/uslovi-kupovine\/"]}]},{"@type":"BreadcrumbList","@id":"https:\/\/maderotherapy.com\/sr\/uslovi-kupovine\/#breadcrumb","itemListElement":[{"@type":"ListItem","position":1,"name":"Home","item":"https:\/\/maderotherapy.com\/"},{"@type":"ListItem","position":2,"name":"Uslovi kupovine"}]},{"@type":"WebSite","@id":"https:\/\/maderotherapy.com\/sr\/#website","url":"https:\/\/maderotherapy.com\/sr\/","name":"European Madero Association","description":"","publisher":{"@id":"https:\/\/maderotherapy.com\/sr\/#organization"},"potentialAction":[{"@type":"SearchAction","target":{"@type":"EntryPoint","urlTemplate":"https:\/\/maderotherapy.com\/sr\/?s={search_term_string}"},"query-input":{"@type":"PropertyValueSpecification","valueRequired":true,"valueName":"search_term_string"}}],"inLanguage":"sr-RS"},{"@type":"Organization","@id":"https:\/\/maderotherapy.com\/sr\/#organization","name":"European Madero Association","url":"https:\/\/maderotherapy.com\/sr\/","logo":{"@type":"ImageObject","inLanguage":"sr-RS","@id":"https:\/\/maderotherapy.com\/sr\/#\/schema\/logo\/image\/","url":"https:\/\/maderotherapy.com\/wp-content\/uploads\/2021\/04\/madero-logo.svg","contentUrl":"https:\/\/maderotherapy.com\/wp-content\/uploads\/2021\/04\/madero-logo.svg","width":1,"height":1,"caption":"European Madero Association"},"image":{"@id":"https:\/\/maderotherapy.com\/sr\/#\/schema\/logo\/image\/"}}]}},"_links":{"self":[{"href":"https:\/\/maderotherapy.com\/sr\/wp-json\/wp\/v2\/pages\/10012","targetHints":{"allow":["GET"]}}],"collection":[{"href":"https:\/\/maderotherapy.com\/sr\/wp-json\/wp\/v2\/pages"}],"about":[{"href":"https:\/\/maderotherapy.com\/sr\/wp-json\/wp\/v2\/types\/page"}],"author":[{"embeddable":true,"href":"https:\/\/maderotherapy.com\/sr\/wp-json\/wp\/v2\/users\/1"}],"replies":[{"embeddable":true,"href":"https:\/\/maderotherapy.com\/sr\/wp-json\/wp\/v2\/comments?post=10012"}],"version-history":[{"count":4,"href":"https:\/\/maderotherapy.com\/sr\/wp-json\/wp\/v2\/pages\/10012\/revisions"}],"predecessor-version":[{"id":10058,"href":"https:\/\/maderotherapy.com\/sr\/wp-json\/wp\/v2\/pages\/10012\/revisions\/10058"}],"wp:attachment":[{"href":"https:\/\/maderotherapy.com\/sr\/wp-json\/wp\/v2\/media?parent=10012"}],"curies":[{"name":"wp","href":"https:\/\/api.w.org\/{rel}","templated":true}]}}