{"id":5519,"date":"2023-06-28T22:25:17","date_gmt":"2023-06-28T20:25:17","guid":{"rendered":"https:\/\/maderotherapy.com\/cours\/"},"modified":"2025-06-05T21:36:27","modified_gmt":"2025-06-05T19:36:27","slug":"cours","status":"publish","type":"page","link":"https:\/\/maderotherapy.com\/fr\/cours\/","title":{"rendered":"Cours"},"content":{"rendered":"\t\t<div data-elementor-type=\"wp-page\" data-elementor-id=\"5519\" data-post-id=\"5519\" data-obj-id=\"5519\" class=\"elementor elementor-5519 dce-elementor-post-5519 elementor-4502\" data-elementor-post-type=\"page\">\n\t\t\t\t\t\t<section data-dce-background-image-url=\"https:\/\/maderotherapy.com\/wp-content\/uploads\/2021\/05\/madero-logo-bg.svg\" class=\"elementor-section elementor-top-section elementor-element elementor-element-151d2e25 animated-fast elementor-section-boxed elementor-section-height-default elementor-section-height-default elementor-invisible\" data-id=\"151d2e25\" data-element_type=\"section\" data-e-type=\"section\" data-settings=\"{&quot;background_background&quot;:&quot;classic&quot;,&quot;animation&quot;:&quot;fadeIn&quot;}\">\n\t\t\t\t\t\t<div class=\"elementor-container elementor-column-gap-default\">\n\t\t\t\t\t<div class=\"elementor-column elementor-col-100 elementor-top-column elementor-element elementor-element-1aa7f1a6\" data-id=\"1aa7f1a6\" data-element_type=\"column\" data-e-type=\"column\">\n\t\t\t<div class=\"elementor-widget-wrap elementor-element-populated\">\n\t\t\t\t\t\t<div class=\"elementor-element elementor-element-398e52dd elementor-widget__width-initial elementor-absolute elementor-hidden-tablet elementor-hidden-mobile dce_masking-none elementor-widget elementor-widget-image\" data-id=\"398e52dd\" data-element_type=\"widget\" data-e-type=\"widget\" data-settings=\"{&quot;_position&quot;:&quot;absolute&quot;}\" data-widget_type=\"image.default\">\n\t\t\t\t<div class=\"elementor-widget-container\">\n\t\t\t\t\t\t\t\t\t\t\t\t\t\t\t<img decoding=\"async\" src=\"https:\/\/maderotherapy.com\/wp-content\/uploads\/2021\/04\/madero-logo.svg\" class=\"attachment-full size-full wp-image-5256\" alt=\"madero-logo\" \/>\t\t\t\t\t\t\t\t\t\t\t\t\t\t\t<\/div>\n\t\t\t\t<\/div>\n\t\t\t\t<div class=\"elementor-element elementor-element-2b62f6a5 elementor-widget__width-auto elementor-widget-tablet__width-inherit elementor-widget-mobile__width-inherit elementor-hidden-desktop dce_masking-none elementor-widget elementor-widget-image\" data-id=\"2b62f6a5\" data-element_type=\"widget\" data-e-type=\"widget\" data-widget_type=\"image.default\">\n\t\t\t\t<div class=\"elementor-widget-container\">\n\t\t\t\t\t\t\t\t\t\t\t\t\t\t\t<img decoding=\"async\" src=\"https:\/\/maderotherapy.com\/wp-content\/uploads\/2021\/04\/madero-logo.svg\" class=\"attachment-full size-full wp-image-5256\" alt=\"madero-logo\" \/>\t\t\t\t\t\t\t\t\t\t\t\t\t\t\t<\/div>\n\t\t\t\t<\/div>\n\t\t\t\t<div class=\"elementor-element elementor-element-5efeb9e2 elementor-invisible elementor-widget elementor-widget-heading\" data-id=\"5efeb9e2\" data-element_type=\"widget\" data-e-type=\"widget\" data-settings=\"{&quot;_animation&quot;:&quot;fadeIn&quot;}\" data-widget_type=\"heading.default\">\n\t\t\t\t<div class=\"elementor-widget-container\">\n\t\t\t\t\t<h2 class=\"elementor-heading-title elementor-size-default\">Association Europ\u00e9enne Madero<\/h2>\t\t\t\t<\/div>\n\t\t\t\t<\/div>\n\t\t\t\t<div class=\"elementor-element elementor-element-78e7dbe6 elementor-invisible elementor-widget elementor-widget-heading\" data-id=\"78e7dbe6\" data-element_type=\"widget\" data-e-type=\"widget\" data-settings=\"{&quot;_animation&quot;:&quot;fadeIn&quot;,&quot;_animation_delay&quot;:350}\" data-widget_type=\"heading.default\">\n\t\t\t\t<div class=\"elementor-widget-container\">\n\t\t\t\t\t<h1 class=\"elementor-heading-title elementor-size-default\">COURS MADERO CERTIFI\u00c9S<\/h1>\t\t\t\t<\/div>\n\t\t\t\t<\/div>\n\t\t\t\t<div class=\"elementor-element elementor-element-6a248ad5 elementor-widget__width-initial elementor-invisible elementor-widget elementor-widget-text-editor\" data-id=\"6a248ad5\" data-element_type=\"widget\" data-e-type=\"widget\" data-settings=\"{&quot;_animation&quot;:&quot;fadeIn&quot;,&quot;_animation_delay&quot;:650}\" data-widget_type=\"text-editor.default\">\n\t\t\t\t<div class=\"elementor-widget-container\">\n\t\t\t\t\t\t\t\t\t<p>Devenez membre de l&#8217;Acad\u00e9mie qui forme des professionnels! Plongez dans le monde de la Maderoth\u00e9rapie et devenez un th\u00e9rapeute Madero certifi\u00e9. Et si vous souhaitez progresser et construire une carri\u00e8re, inscrivez-vous \u00e0 un cours pour devenir instructeur en Maderoth\u00e9rapie.<\/p>\n\t\t\t\t\t\t\t\t<\/div>\n\t\t\t\t<\/div>\n\t\t\t\t\t<\/div>\n\t\t<\/div>\n\t\t\t\t\t<\/div>\n\t\t<\/section>\n\t\t\t\t<section class=\"elementor-section elementor-top-section elementor-element elementor-element-5ac5d18 elementor-section-boxed elementor-section-height-default elementor-section-height-default\" data-id=\"5ac5d18\" data-element_type=\"section\" data-e-type=\"section\">\n\t\t\t\t\t\t<div class=\"elementor-container elementor-column-gap-default\">\n\t\t\t\t\t<div class=\"elementor-column elementor-col-100 elementor-top-column elementor-element elementor-element-91b69b3\" data-id=\"91b69b3\" data-element_type=\"column\" data-e-type=\"column\">\n\t\t\t<div class=\"elementor-widget-wrap elementor-element-populated\">\n\t\t\t\t\t\t<section class=\"elementor-section elementor-inner-section elementor-element elementor-element-4b3013a elementor-section-content-middle elementor-section-boxed elementor-section-height-default elementor-section-height-default\" data-id=\"4b3013a\" data-element_type=\"section\" data-e-type=\"section\">\n\t\t\t\t\t\t<div class=\"elementor-container elementor-column-gap-default\">\n\t\t\t\t\t<div data-dce-background-overlay-color=\"#030303\" data-dce-background-image-url=\"https:\/\/maderotherapy.com\/wp-content\/uploads\/2021\/07\/EMA-Bodyshape1.jpg\" class=\"elementor-column elementor-col-50 elementor-inner-column elementor-element elementor-element-181b8e5 elementor-invisible\" data-id=\"181b8e5\" data-element_type=\"column\" data-e-type=\"column\" data-settings=\"{&quot;animation&quot;:&quot;fadeIn&quot;,&quot;animation_tablet&quot;:&quot;none&quot;,&quot;animation_delay&quot;:200,&quot;background_background&quot;:&quot;classic&quot;}\">\n\t\t\t<div class=\"elementor-widget-wrap elementor-element-populated\">\n\t\t\t\t\t<div class=\"elementor-background-overlay\"><\/div>\n\t\t\t\t\t\t<div class=\"elementor-element elementor-element-9a4ea59 elementor-widget elementor-widget-heading\" data-id=\"9a4ea59\" data-element_type=\"widget\" data-e-type=\"widget\" data-widget_type=\"heading.default\">\n\t\t\t\t<div class=\"elementor-widget-container\">\n\t\t\t\t\t<h2 class=\"elementor-heading-title elementor-size-default\">Bodyshape<\/h2>\t\t\t\t<\/div>\n\t\t\t\t<\/div>\n\t\t\t\t<div class=\"elementor-element elementor-element-2c4a7b5 elementor-widget elementor-widget-heading\" data-id=\"2c4a7b5\" data-element_type=\"widget\" data-e-type=\"widget\" data-widget_type=\"heading.default\">\n\t\t\t\t<div class=\"elementor-widget-container\">\n\t\t\t\t\t<h2 class=\"elementor-heading-title elementor-size-default\">Th\u00e9rapie Madero<\/h2>\t\t\t\t<\/div>\n\t\t\t\t<\/div>\n\t\t\t\t<div class=\"elementor-element elementor-element-2565bb2 elementor-align-center elementor-tablet-align-left elementor-mobile-align-center elementor-widget elementor-widget-button\" data-id=\"2565bb2\" data-element_type=\"widget\" data-e-type=\"widget\" data-widget_type=\"button.default\">\n\t\t\t\t<div class=\"elementor-widget-container\">\n\t\t\t\t\t\t\t\t\t<div class=\"elementor-button-wrapper\">\n\t\t\t\t\t<a class=\"elementor-button elementor-button-link elementor-size-md\" href=\"https:\/\/maderotherapy.com\/fr\/course\/bodyshape-madero\/\">\n\t\t\t\t\t\t<span class=\"elementor-button-content-wrapper\">\n\t\t\t\t\t\t\t\t\t<span class=\"elementor-button-text\">Voir plus<\/span>\n\t\t\t\t\t<\/span>\n\t\t\t\t\t<\/a>\n\t\t\t\t<\/div>\n\t\t\t\t\t\t\t\t<\/div>\n\t\t\t\t<\/div>\n\t\t\t\t\t<\/div>\n\t\t<\/div>\n\t\t\t\t<div data-dce-background-overlay-color=\"#030303\" data-dce-background-image-url=\"https:\/\/maderotherapy.com\/wp-content\/uploads\/2021\/07\/madero-beauty-events.jpg\" class=\"elementor-column elementor-col-50 elementor-inner-column elementor-element elementor-element-fbfa65e elementor-invisible\" data-id=\"fbfa65e\" data-element_type=\"column\" data-e-type=\"column\" data-settings=\"{&quot;animation&quot;:&quot;fadeIn&quot;,&quot;animation_tablet&quot;:&quot;none&quot;,&quot;animation_delay&quot;:400,&quot;background_background&quot;:&quot;classic&quot;}\">\n\t\t\t<div class=\"elementor-widget-wrap elementor-element-populated\">\n\t\t\t\t\t<div class=\"elementor-background-overlay\"><\/div>\n\t\t\t\t\t\t<div class=\"elementor-element elementor-element-e0484e7 elementor-widget elementor-widget-heading\" data-id=\"e0484e7\" data-element_type=\"widget\" data-e-type=\"widget\" data-widget_type=\"heading.default\">\n\t\t\t\t<div class=\"elementor-widget-container\">\n\t\t\t\t\t<h2 class=\"elementor-heading-title elementor-size-default\">BEAUTY<\/h2>\t\t\t\t<\/div>\n\t\t\t\t<\/div>\n\t\t\t\t<div class=\"elementor-element elementor-element-875e2f3 elementor-widget elementor-widget-heading\" data-id=\"875e2f3\" data-element_type=\"widget\" data-e-type=\"widget\" data-widget_type=\"heading.default\">\n\t\t\t\t<div class=\"elementor-widget-container\">\n\t\t\t\t\t<h2 class=\"elementor-heading-title elementor-size-default\">Th\u00e9rapie Madero<\/h2>\t\t\t\t<\/div>\n\t\t\t\t<\/div>\n\t\t\t\t<div class=\"elementor-element elementor-element-7573da2 elementor-align-center elementor-tablet-align-left elementor-mobile-align-center elementor-widget elementor-widget-button\" data-id=\"7573da2\" data-element_type=\"widget\" data-e-type=\"widget\" data-widget_type=\"button.default\">\n\t\t\t\t<div class=\"elementor-widget-container\">\n\t\t\t\t\t\t\t\t\t<div class=\"elementor-button-wrapper\">\n\t\t\t\t\t<a class=\"elementor-button elementor-button-link elementor-size-md\" href=\"https:\/\/maderotherapy.com\/fr\/course\/beauty-madero\/\">\n\t\t\t\t\t\t<span class=\"elementor-button-content-wrapper\">\n\t\t\t\t\t\t\t\t\t<span class=\"elementor-button-text\">Voir plus<\/span>\n\t\t\t\t\t<\/span>\n\t\t\t\t\t<\/a>\n\t\t\t\t<\/div>\n\t\t\t\t\t\t\t\t<\/div>\n\t\t\t\t<\/div>\n\t\t\t\t\t<\/div>\n\t\t<\/div>\n\t\t\t\t\t<\/div>\n\t\t<\/section>\n\t\t\t\t<section class=\"elementor-section elementor-inner-section elementor-element elementor-element-4f55f37 elementor-section-boxed elementor-section-height-default elementor-section-height-default\" data-id=\"4f55f37\" data-element_type=\"section\" data-e-type=\"section\">\n\t\t\t\t\t\t<div class=\"elementor-container elementor-column-gap-default\">\n\t\t\t\t\t<div data-dce-background-overlay-color=\"#030303\" data-dce-background-image-url=\"https:\/\/maderotherapy.com\/wp-content\/uploads\/2021\/07\/EMA-Wellness2.jpg\" class=\"elementor-column elementor-col-50 elementor-inner-column elementor-element elementor-element-2f796a2 elementor-invisible\" data-id=\"2f796a2\" data-element_type=\"column\" data-e-type=\"column\" data-settings=\"{&quot;animation&quot;:&quot;fadeIn&quot;,&quot;animation_tablet&quot;:&quot;none&quot;,&quot;animation_delay&quot;:300,&quot;background_background&quot;:&quot;classic&quot;}\">\n\t\t\t<div class=\"elementor-widget-wrap elementor-element-populated\">\n\t\t\t\t\t<div class=\"elementor-background-overlay\"><\/div>\n\t\t\t\t\t\t<div class=\"elementor-element elementor-element-50eb766 elementor-widget elementor-widget-heading\" data-id=\"50eb766\" data-element_type=\"widget\" data-e-type=\"widget\" data-widget_type=\"heading.default\">\n\t\t\t\t<div class=\"elementor-widget-container\">\n\t\t\t\t\t<h2 class=\"elementor-heading-title elementor-size-default\">WELLNESS<\/h2>\t\t\t\t<\/div>\n\t\t\t\t<\/div>\n\t\t\t\t<div class=\"elementor-element elementor-element-bdc5e98 elementor-widget elementor-widget-heading\" data-id=\"bdc5e98\" data-element_type=\"widget\" data-e-type=\"widget\" data-widget_type=\"heading.default\">\n\t\t\t\t<div class=\"elementor-widget-container\">\n\t\t\t\t\t<h2 class=\"elementor-heading-title elementor-size-default\">Th\u00e9rapie Madero<\/h2>\t\t\t\t<\/div>\n\t\t\t\t<\/div>\n\t\t\t\t<div class=\"elementor-element elementor-element-e036561 elementor-align-center elementor-tablet-align-left elementor-mobile-align-center elementor-widget elementor-widget-button\" data-id=\"e036561\" data-element_type=\"widget\" data-e-type=\"widget\" data-widget_type=\"button.default\">\n\t\t\t\t<div class=\"elementor-widget-container\">\n\t\t\t\t\t\t\t\t\t<div class=\"elementor-button-wrapper\">\n\t\t\t\t\t<a class=\"elementor-button elementor-button-link elementor-size-md\" href=\"https:\/\/maderotherapy.com\/fr\/course\/wellness-madero\/\">\n\t\t\t\t\t\t<span class=\"elementor-button-content-wrapper\">\n\t\t\t\t\t\t\t\t\t<span class=\"elementor-button-text\">Voir plus<\/span>\n\t\t\t\t\t<\/span>\n\t\t\t\t\t<\/a>\n\t\t\t\t<\/div>\n\t\t\t\t\t\t\t\t<\/div>\n\t\t\t\t<\/div>\n\t\t\t\t\t<\/div>\n\t\t<\/div>\n\t\t\t\t<div data-dce-background-overlay-color=\"#030303\" data-dce-background-image-url=\"https:\/\/maderotherapy.com\/wp-content\/uploads\/2021\/07\/madero-feet.jpg\" class=\"elementor-column elementor-col-50 elementor-inner-column elementor-element elementor-element-d257f91 elementor-invisible\" data-id=\"d257f91\" data-element_type=\"column\" data-e-type=\"column\" data-settings=\"{&quot;animation&quot;:&quot;fadeIn&quot;,&quot;animation_tablet&quot;:&quot;none&quot;,&quot;animation_delay&quot;:600,&quot;background_background&quot;:&quot;classic&quot;}\">\n\t\t\t<div class=\"elementor-widget-wrap elementor-element-populated\">\n\t\t\t\t\t<div class=\"elementor-background-overlay\"><\/div>\n\t\t\t\t\t\t<div class=\"elementor-element elementor-element-06675e6 elementor-widget elementor-widget-heading\" data-id=\"06675e6\" data-element_type=\"widget\" data-e-type=\"widget\" data-widget_type=\"heading.default\">\n\t\t\t\t<div class=\"elementor-widget-container\">\n\t\t\t\t\t<h2 class=\"elementor-heading-title elementor-size-default\">FEET<\/h2>\t\t\t\t<\/div>\n\t\t\t\t<\/div>\n\t\t\t\t<div class=\"elementor-element elementor-element-4635fd2 elementor-widget elementor-widget-heading\" data-id=\"4635fd2\" data-element_type=\"widget\" data-e-type=\"widget\" data-widget_type=\"heading.default\">\n\t\t\t\t<div class=\"elementor-widget-container\">\n\t\t\t\t\t<h2 class=\"elementor-heading-title elementor-size-default\">Th\u00e9rapie Madero<\/h2>\t\t\t\t<\/div>\n\t\t\t\t<\/div>\n\t\t\t\t<div class=\"elementor-element elementor-element-a0dc79c elementor-align-center elementor-tablet-align-left elementor-mobile-align-center elementor-widget elementor-widget-button\" data-id=\"a0dc79c\" data-element_type=\"widget\" data-e-type=\"widget\" data-widget_type=\"button.default\">\n\t\t\t\t<div class=\"elementor-widget-container\">\n\t\t\t\t\t\t\t\t\t<div class=\"elementor-button-wrapper\">\n\t\t\t\t\t<a class=\"elementor-button elementor-button-link elementor-size-md\" href=\"https:\/\/maderotherapy.com\/fr\/course\/feet-madero\/\">\n\t\t\t\t\t\t<span class=\"elementor-button-content-wrapper\">\n\t\t\t\t\t\t\t\t\t<span class=\"elementor-button-text\">Voir plus<\/span>\n\t\t\t\t\t<\/span>\n\t\t\t\t\t<\/a>\n\t\t\t\t<\/div>\n\t\t\t\t\t\t\t\t<\/div>\n\t\t\t\t<\/div>\n\t\t\t\t\t<\/div>\n\t\t<\/div>\n\t\t\t\t\t<\/div>\n\t\t<\/section>\n\t\t\t\t<section class=\"elementor-section elementor-inner-section elementor-element elementor-element-e2cc1c0 elementor-section-boxed elementor-section-height-default elementor-section-height-default\" data-id=\"e2cc1c0\" data-element_type=\"section\" data-e-type=\"section\">\n\t\t\t\t\t\t<div class=\"elementor-container elementor-column-gap-default\">\n\t\t\t\t\t<div data-dce-background-overlay-color=\"#030303\" data-dce-background-image-url=\"https:\/\/maderotherapy.com\/wp-content\/uploads\/2022\/04\/madero-detox.jpg\" class=\"elementor-column elementor-col-100 elementor-inner-column elementor-element elementor-element-44bf680 elementor-invisible\" data-id=\"44bf680\" data-element_type=\"column\" data-e-type=\"column\" data-settings=\"{&quot;animation&quot;:&quot;fadeIn&quot;,&quot;animation_tablet&quot;:&quot;none&quot;,&quot;animation_delay&quot;:300,&quot;background_background&quot;:&quot;classic&quot;}\">\n\t\t\t<div class=\"elementor-widget-wrap elementor-element-populated\">\n\t\t\t\t\t<div class=\"elementor-background-overlay\"><\/div>\n\t\t\t\t\t\t<div class=\"elementor-element elementor-element-a7ce860 elementor-widget elementor-widget-heading\" data-id=\"a7ce860\" data-element_type=\"widget\" data-e-type=\"widget\" data-widget_type=\"heading.default\">\n\t\t\t\t<div class=\"elementor-widget-container\">\n\t\t\t\t\t<h2 class=\"elementor-heading-title elementor-size-default\">DETOX<\/h2>\t\t\t\t<\/div>\n\t\t\t\t<\/div>\n\t\t\t\t<div class=\"elementor-element elementor-element-42c1e54 elementor-widget elementor-widget-heading\" data-id=\"42c1e54\" data-element_type=\"widget\" data-e-type=\"widget\" data-widget_type=\"heading.default\">\n\t\t\t\t<div class=\"elementor-widget-container\">\n\t\t\t\t\t<h2 class=\"elementor-heading-title elementor-size-default\">Th\u00e9rapie Madero<\/h2>\t\t\t\t<\/div>\n\t\t\t\t<\/div>\n\t\t\t\t<div class=\"elementor-element elementor-element-4799834 elementor-align-center elementor-tablet-align-left elementor-mobile-align-center elementor-widget elementor-widget-button\" data-id=\"4799834\" data-element_type=\"widget\" data-e-type=\"widget\" data-widget_type=\"button.default\">\n\t\t\t\t<div class=\"elementor-widget-container\">\n\t\t\t\t\t\t\t\t\t<div class=\"elementor-button-wrapper\">\n\t\t\t\t\t<a class=\"elementor-button elementor-button-link elementor-size-md\" href=\"https:\/\/maderotherapy.com\/fr\/course\/detox-madero\/\">\n\t\t\t\t\t\t<span class=\"elementor-button-content-wrapper\">\n\t\t\t\t\t\t\t\t\t<span class=\"elementor-button-text\">Voir plus<\/span>\n\t\t\t\t\t<\/span>\n\t\t\t\t\t<\/a>\n\t\t\t\t<\/div>\n\t\t\t\t\t\t\t\t<\/div>\n\t\t\t\t<\/div>\n\t\t\t\t\t<\/div>\n\t\t<\/div>\n\t\t\t\t\t<\/div>\n\t\t<\/section>\n\t\t\t\t\t<\/div>\n\t\t<\/div>\n\t\t\t\t\t<\/div>\n\t\t<\/section>\n\t\t\t\t<\/div>\n\t\t","protected":false},"excerpt":{"rendered":"<p>Association Europ\u00e9enne Madero COURS MADERO CERTIFI\u00c9S Devenez membre de l&#8217;Acad\u00e9mie qui forme des professionnels! Plongez dans le monde de la Maderoth\u00e9rapie et devenez un th\u00e9rapeute Madero certifi\u00e9. Et si vous souhaitez progresser et construire une carri\u00e8re, inscrivez-vous \u00e0 un cours pour devenir instructeur en Maderoth\u00e9rapie. Bodyshape Th\u00e9rapie Madero Voir plus BEAUTY Th\u00e9rapie Madero Voir plus [&hellip;]<\/p>\n","protected":false},"author":2,"featured_media":0,"parent":0,"menu_order":0,"comment_status":"closed","ping_status":"closed","template":"","meta":{"_acf_changed":false,"footnotes":""},"class_list":["post-5519","page","type-page","status-publish","hentry"],"acf":[],"yoast_head":"<!-- This site is optimized with the Yoast SEO plugin v27.2 - https:\/\/yoast.com\/product\/yoast-seo-wordpress\/ -->\n<title>Cours - European Madero Association<\/title>\n<meta name=\"robots\" content=\"index, follow, max-snippet:-1, max-image-preview:large, max-video-preview:-1\" \/>\n<link rel=\"canonical\" href=\"https:\/\/maderotherapy.com\/fr\/cours\/\" \/>\n<meta property=\"og:locale\" content=\"fr_FR\" \/>\n<meta property=\"og:type\" content=\"article\" \/>\n<meta property=\"og:title\" content=\"Cours - European Madero Association\" \/>\n<meta property=\"og:description\" content=\"Association Europ\u00e9enne Madero COURS MADERO CERTIFI\u00c9S Devenez membre de l&#8217;Acad\u00e9mie qui forme des professionnels! Plongez dans le monde de la Maderoth\u00e9rapie et devenez un th\u00e9rapeute Madero certifi\u00e9. Et si vous souhaitez progresser et construire une carri\u00e8re, inscrivez-vous \u00e0 un cours pour devenir instructeur en Maderoth\u00e9rapie. Bodyshape Th\u00e9rapie Madero Voir plus BEAUTY Th\u00e9rapie Madero Voir plus [&hellip;]\" \/>\n<meta property=\"og:url\" content=\"https:\/\/maderotherapy.com\/fr\/cours\/\" \/>\n<meta property=\"og:site_name\" content=\"European Madero Association\" \/>\n<meta property=\"article:modified_time\" content=\"2025-06-05T19:36:27+00:00\" \/>\n<meta name=\"twitter:card\" content=\"summary_large_image\" \/>\n<script type=\"application\/ld+json\" class=\"yoast-schema-graph\">{\"@context\":\"https:\/\/schema.org\",\"@graph\":[{\"@type\":\"WebPage\",\"@id\":\"https:\/\/maderotherapy.com\/fr\/cours\/\",\"url\":\"https:\/\/maderotherapy.com\/fr\/cours\/\",\"name\":\"Cours - European Madero Association\",\"isPartOf\":{\"@id\":\"https:\/\/maderotherapy.com\/fr\/#website\"},\"primaryImageOfPage\":{\"@id\":\"https:\/\/maderotherapy.com\/fr\/cours\/#primaryimage\"},\"image\":{\"@id\":\"https:\/\/maderotherapy.com\/fr\/cours\/#primaryimage\"},\"thumbnailUrl\":\"https:\/\/maderotherapy.com\/wp-content\/uploads\/2021\/04\/madero-logo.svg\",\"datePublished\":\"2023-06-28T20:25:17+00:00\",\"dateModified\":\"2025-06-05T19:36:27+00:00\",\"breadcrumb\":{\"@id\":\"https:\/\/maderotherapy.com\/fr\/cours\/#breadcrumb\"},\"inLanguage\":\"fr-FR\",\"potentialAction\":[{\"@type\":\"ReadAction\",\"target\":[\"https:\/\/maderotherapy.com\/fr\/cours\/\"]}]},{\"@type\":\"ImageObject\",\"inLanguage\":\"fr-FR\",\"@id\":\"https:\/\/maderotherapy.com\/fr\/cours\/#primaryimage\",\"url\":\"https:\/\/maderotherapy.com\/wp-content\/uploads\/2021\/04\/madero-logo.svg\",\"contentUrl\":\"https:\/\/maderotherapy.com\/wp-content\/uploads\/2021\/04\/madero-logo.svg\"},{\"@type\":\"BreadcrumbList\",\"@id\":\"https:\/\/maderotherapy.com\/fr\/cours\/#breadcrumb\",\"itemListElement\":[{\"@type\":\"ListItem\",\"position\":1,\"name\":\"Home\",\"item\":\"https:\/\/maderotherapy.com\/\"},{\"@type\":\"ListItem\",\"position\":2,\"name\":\"Cours\"}]},{\"@type\":\"WebSite\",\"@id\":\"https:\/\/maderotherapy.com\/fr\/#website\",\"url\":\"https:\/\/maderotherapy.com\/fr\/\",\"name\":\"European Madero Association\",\"description\":\"\",\"publisher\":{\"@id\":\"https:\/\/maderotherapy.com\/fr\/#organization\"},\"potentialAction\":[{\"@type\":\"SearchAction\",\"target\":{\"@type\":\"EntryPoint\",\"urlTemplate\":\"https:\/\/maderotherapy.com\/fr\/?s={search_term_string}\"},\"query-input\":{\"@type\":\"PropertyValueSpecification\",\"valueRequired\":true,\"valueName\":\"search_term_string\"}}],\"inLanguage\":\"fr-FR\"},{\"@type\":\"Organization\",\"@id\":\"https:\/\/maderotherapy.com\/fr\/#organization\",\"name\":\"European Madero Association\",\"url\":\"https:\/\/maderotherapy.com\/fr\/\",\"logo\":{\"@type\":\"ImageObject\",\"inLanguage\":\"fr-FR\",\"@id\":\"https:\/\/maderotherapy.com\/fr\/#\/schema\/logo\/image\/\",\"url\":\"https:\/\/maderotherapy.com\/wp-content\/uploads\/2021\/04\/madero-logo.svg\",\"contentUrl\":\"https:\/\/maderotherapy.com\/wp-content\/uploads\/2021\/04\/madero-logo.svg\",\"width\":1,\"height\":1,\"caption\":\"European Madero Association\"},\"image\":{\"@id\":\"https:\/\/maderotherapy.com\/fr\/#\/schema\/logo\/image\/\"}}]}<\/script>\n<!-- \/ Yoast SEO plugin. -->","yoast_head_json":{"title":"Cours - European Madero Association","robots":{"index":"index","follow":"follow","max-snippet":"max-snippet:-1","max-image-preview":"max-image-preview:large","max-video-preview":"max-video-preview:-1"},"canonical":"https:\/\/maderotherapy.com\/fr\/cours\/","og_locale":"fr_FR","og_type":"article","og_title":"Cours - European Madero Association","og_description":"Association Europ\u00e9enne Madero COURS MADERO CERTIFI\u00c9S Devenez membre de l&#8217;Acad\u00e9mie qui forme des professionnels! Plongez dans le monde de la Maderoth\u00e9rapie et devenez un th\u00e9rapeute Madero certifi\u00e9. Et si vous souhaitez progresser et construire une carri\u00e8re, inscrivez-vous \u00e0 un cours pour devenir instructeur en Maderoth\u00e9rapie. Bodyshape Th\u00e9rapie Madero Voir plus BEAUTY Th\u00e9rapie Madero Voir plus [&hellip;]","og_url":"https:\/\/maderotherapy.com\/fr\/cours\/","og_site_name":"European Madero Association","article_modified_time":"2025-06-05T19:36:27+00:00","twitter_card":"summary_large_image","schema":{"@context":"https:\/\/schema.org","@graph":[{"@type":"WebPage","@id":"https:\/\/maderotherapy.com\/fr\/cours\/","url":"https:\/\/maderotherapy.com\/fr\/cours\/","name":"Cours - European Madero Association","isPartOf":{"@id":"https:\/\/maderotherapy.com\/fr\/#website"},"primaryImageOfPage":{"@id":"https:\/\/maderotherapy.com\/fr\/cours\/#primaryimage"},"image":{"@id":"https:\/\/maderotherapy.com\/fr\/cours\/#primaryimage"},"thumbnailUrl":"https:\/\/maderotherapy.com\/wp-content\/uploads\/2021\/04\/madero-logo.svg","datePublished":"2023-06-28T20:25:17+00:00","dateModified":"2025-06-05T19:36:27+00:00","breadcrumb":{"@id":"https:\/\/maderotherapy.com\/fr\/cours\/#breadcrumb"},"inLanguage":"fr-FR","potentialAction":[{"@type":"ReadAction","target":["https:\/\/maderotherapy.com\/fr\/cours\/"]}]},{"@type":"ImageObject","inLanguage":"fr-FR","@id":"https:\/\/maderotherapy.com\/fr\/cours\/#primaryimage","url":"https:\/\/maderotherapy.com\/wp-content\/uploads\/2021\/04\/madero-logo.svg","contentUrl":"https:\/\/maderotherapy.com\/wp-content\/uploads\/2021\/04\/madero-logo.svg"},{"@type":"BreadcrumbList","@id":"https:\/\/maderotherapy.com\/fr\/cours\/#breadcrumb","itemListElement":[{"@type":"ListItem","position":1,"name":"Home","item":"https:\/\/maderotherapy.com\/"},{"@type":"ListItem","position":2,"name":"Cours"}]},{"@type":"WebSite","@id":"https:\/\/maderotherapy.com\/fr\/#website","url":"https:\/\/maderotherapy.com\/fr\/","name":"European Madero Association","description":"","publisher":{"@id":"https:\/\/maderotherapy.com\/fr\/#organization"},"potentialAction":[{"@type":"SearchAction","target":{"@type":"EntryPoint","urlTemplate":"https:\/\/maderotherapy.com\/fr\/?s={search_term_string}"},"query-input":{"@type":"PropertyValueSpecification","valueRequired":true,"valueName":"search_term_string"}}],"inLanguage":"fr-FR"},{"@type":"Organization","@id":"https:\/\/maderotherapy.com\/fr\/#organization","name":"European Madero Association","url":"https:\/\/maderotherapy.com\/fr\/","logo":{"@type":"ImageObject","inLanguage":"fr-FR","@id":"https:\/\/maderotherapy.com\/fr\/#\/schema\/logo\/image\/","url":"https:\/\/maderotherapy.com\/wp-content\/uploads\/2021\/04\/madero-logo.svg","contentUrl":"https:\/\/maderotherapy.com\/wp-content\/uploads\/2021\/04\/madero-logo.svg","width":1,"height":1,"caption":"European Madero Association"},"image":{"@id":"https:\/\/maderotherapy.com\/fr\/#\/schema\/logo\/image\/"}}]}},"_links":{"self":[{"href":"https:\/\/maderotherapy.com\/fr\/wp-json\/wp\/v2\/pages\/5519","targetHints":{"allow":["GET"]}}],"collection":[{"href":"https:\/\/maderotherapy.com\/fr\/wp-json\/wp\/v2\/pages"}],"about":[{"href":"https:\/\/maderotherapy.com\/fr\/wp-json\/wp\/v2\/types\/page"}],"author":[{"embeddable":true,"href":"https:\/\/maderotherapy.com\/fr\/wp-json\/wp\/v2\/users\/2"}],"replies":[{"embeddable":true,"href":"https:\/\/maderotherapy.com\/fr\/wp-json\/wp\/v2\/comments?post=5519"}],"version-history":[{"count":4,"href":"https:\/\/maderotherapy.com\/fr\/wp-json\/wp\/v2\/pages\/5519\/revisions"}],"predecessor-version":[{"id":11825,"href":"https:\/\/maderotherapy.com\/fr\/wp-json\/wp\/v2\/pages\/5519\/revisions\/11825"}],"wp:attachment":[{"href":"https:\/\/maderotherapy.com\/fr\/wp-json\/wp\/v2\/media?parent=5519"}],"curies":[{"name":"wp","href":"https:\/\/api.w.org\/{rel}","templated":true}]}}