{"id":5510,"date":"2023-06-28T22:15:06","date_gmt":"2023-06-28T20:15:06","guid":{"rendered":"https:\/\/maderotherapy.com\/contact\/"},"modified":"2025-09-09T10:00:44","modified_gmt":"2025-09-09T08:00:44","slug":"contact","status":"publish","type":"page","link":"https:\/\/maderotherapy.com\/fr\/contact\/","title":{"rendered":"Contact"},"content":{"rendered":"\t\t<div data-elementor-type=\"wp-page\" data-elementor-id=\"5510\" data-post-id=\"5510\" data-obj-id=\"5510\" class=\"elementor elementor-5510 dce-elementor-post-5510 elementor-2799\" data-elementor-post-type=\"page\">\n\t\t\t\t\t\t<section data-dce-background-color=\"#F4F4F4\" class=\"elementor-section elementor-top-section elementor-element elementor-element-010acda elementor-section-boxed elementor-section-height-default elementor-section-height-default\" data-id=\"010acda\" data-element_type=\"section\" data-e-type=\"section\" data-settings=\"{&quot;background_background&quot;:&quot;classic&quot;}\">\n\t\t\t\t\t\t<div class=\"elementor-container elementor-column-gap-default\">\n\t\t\t\t\t<div class=\"elementor-column elementor-col-100 elementor-top-column elementor-element elementor-element-077e2f9\" data-id=\"077e2f9\" data-element_type=\"column\" data-e-type=\"column\">\n\t\t\t<div class=\"elementor-widget-wrap elementor-element-populated\">\n\t\t\t\t\t\t<section class=\"elementor-section elementor-inner-section elementor-element elementor-element-c943ab9 elementor-section-boxed elementor-section-height-default elementor-section-height-default\" data-id=\"c943ab9\" data-element_type=\"section\" data-e-type=\"section\">\n\t\t\t\t\t\t<div class=\"elementor-container elementor-column-gap-default\">\n\t\t\t\t\t<div class=\"elementor-column elementor-col-33 elementor-inner-column elementor-element elementor-element-2fc121c\" data-id=\"2fc121c\" data-element_type=\"column\" data-e-type=\"column\">\n\t\t\t<div class=\"elementor-widget-wrap elementor-element-populated\">\n\t\t\t\t\t\t<div class=\"elementor-element elementor-element-640737c elementor-widget elementor-widget-heading\" data-id=\"640737c\" data-element_type=\"widget\" data-e-type=\"widget\" data-widget_type=\"heading.default\">\n\t\t\t\t<div class=\"elementor-widget-container\">\n\t\t\t\t\t<h2 class=\"elementor-heading-title elementor-size-default\">Contact<\/h2>\t\t\t\t<\/div>\n\t\t\t\t<\/div>\n\t\t\t\t<div class=\"elementor-element elementor-element-e315ce5 elementor-widget elementor-widget-text-editor\" data-id=\"e315ce5\" data-element_type=\"widget\" data-e-type=\"widget\" data-widget_type=\"text-editor.default\">\n\t\t\t\t<div class=\"elementor-widget-container\">\n\t\t\t\t\t\t\t\t\t<p>Si vous avez des questions concernant les principes de la Maderoth\u00e9rapie, les cours et les centres Madero, n&#8217;h\u00e9sitez pas \u00e0 nous contacter par e-mail. Nous serons ravis de r\u00e9pondre \u00e0 toutes les questions et les doutes que vous pourriez avoir concernant la Maderoth\u00e9rapie et les normes que nous appliquons dans notre travail.<\/p>\n\t\t\t\t\t\t\t\t<\/div>\n\t\t\t\t<\/div>\n\t\t\t\t\t<\/div>\n\t\t<\/div>\n\t\t\t\t<div class=\"elementor-column elementor-col-33 elementor-inner-column elementor-element elementor-element-729c69b elementor-hidden-tablet elementor-hidden-phone\" data-id=\"729c69b\" data-element_type=\"column\" data-e-type=\"column\">\n\t\t\t<div class=\"elementor-widget-wrap\">\n\t\t\t\t\t\t\t<\/div>\n\t\t<\/div>\n\t\t\t\t<div class=\"elementor-column elementor-col-33 elementor-inner-column elementor-element elementor-element-4909d3b\" data-id=\"4909d3b\" data-element_type=\"column\" data-e-type=\"column\">\n\t\t\t<div class=\"elementor-widget-wrap elementor-element-populated\">\n\t\t\t\t\t\t<div class=\"elementor-element elementor-element-7ca9d3e eael-contact-form-7-button-align-left eael-contact-form-7-button-custom elementor-widget elementor-widget-eael-contact-form-7\" data-id=\"7ca9d3e\" data-element_type=\"widget\" data-e-type=\"widget\" data-widget_type=\"eael-contact-form-7.default\">\n\t\t\t\t<div class=\"elementor-widget-container\">\n\t\t\t\t\t<div class=\"eael-contact-form-7-wrapper\">\n                <div class=\"eael-contact-form eael-contact-form-7 eael-contact-form-7ca9d3e placeholder-show eael-contact-form-align-center\">\n<div class=\"wpcf7 no-js\" id=\"wpcf7-f6874-o1\" lang=\"fr-FR\" dir=\"ltr\" data-wpcf7-id=\"6874\">\n<div class=\"screen-reader-response\"><p role=\"status\" aria-live=\"polite\" aria-atomic=\"true\"><\/p> <ul><\/ul><\/div>\n<form action=\"\/fr\/wp-json\/wp\/v2\/pages\/5510#wpcf7-f6874-o1\" method=\"post\" class=\"wpcf7-form init\" aria-label=\"Formulaire de contact\" novalidate=\"novalidate\" data-status=\"init\">\n<fieldset class=\"hidden-fields-container\"><input type=\"hidden\" name=\"_wpcf7\" value=\"6874\" \/><input type=\"hidden\" name=\"_wpcf7_version\" value=\"6.1.5\" \/><input type=\"hidden\" name=\"_wpcf7_locale\" value=\"fr_FR\" \/><input type=\"hidden\" name=\"_wpcf7_unit_tag\" value=\"wpcf7-f6874-o1\" \/><input type=\"hidden\" name=\"_wpcf7_container_post\" value=\"0\" \/><input type=\"hidden\" name=\"_wpcf7_posted_data_hash\" value=\"\" \/><input type=\"hidden\" name=\"_wpcf7dtx_version\" value=\"5.0.5\" \/>\n<\/fieldset>\n<p><label> Nom<br \/>\n<span class=\"wpcf7-form-control-wrap\" data-name=\"your-name\"><input size=\"40\" maxlength=\"400\" class=\"wpcf7-form-control wpcf7-text wpcf7-validates-as-required\" aria-required=\"true\" aria-invalid=\"false\" value=\"\" type=\"text\" name=\"your-name\" \/><\/span> <\/label>\n<\/p>\n<p><label> Email<br \/>\n<span class=\"wpcf7-form-control-wrap\" data-name=\"your-email\"><input size=\"40\" maxlength=\"400\" class=\"wpcf7-form-control wpcf7-email wpcf7-validates-as-required wpcf7-text wpcf7-validates-as-email\" aria-required=\"true\" aria-invalid=\"false\" value=\"\" type=\"email\" name=\"your-email\" \/><\/span> <\/label>\n<\/p>\n<p><label> Sujet<br \/>\n<span class=\"wpcf7-form-control-wrap\" data-name=\"your-subject\"><input size=\"40\" maxlength=\"400\" class=\"wpcf7-form-control wpcf7-text wpcf7-validates-as-required\" aria-required=\"true\" aria-invalid=\"false\" value=\"\" type=\"text\" name=\"your-subject\" \/><\/span> <\/label>\n<\/p>\n<p><label> Message<br \/>\n<span class=\"wpcf7-form-control-wrap\" data-name=\"your-message\"><textarea cols=\"40\" rows=\"10\" maxlength=\"2000\" class=\"wpcf7-form-control wpcf7-textarea\" aria-invalid=\"false\" name=\"your-message\"><\/textarea><\/span> <\/label><span id=\"wpcf7-69e6344714bfe-wrapper\" class=\"wpcf7-form-control-wrap email-wrap\" style=\"display:none !important; visibility:hidden !important;\"><label for=\"wpcf7-69e6344714bfe-field\" class=\"hp-message\">Veuillez laisser ce champ vide.<\/label><input id=\"wpcf7-69e6344714bfe-field\"  class=\"wpcf7-form-control wpcf7-text\" type=\"text\" name=\"email\" value=\"\" size=\"40\" tabindex=\"-1\" autocomplete=\"new-password\" \/><\/span>\n<\/p>\n<p><span class=\"wpcf7-form-control-wrap\" data-name=\"your-quiz\"><label><span class=\"wpcf7-quiz-label\">10 + 5 = ?<\/span> <input size=\"40\" class=\"wpcf7-form-control wpcf7-quiz\" autocomplete=\"off\" aria-required=\"true\" aria-invalid=\"false\" type=\"text\" name=\"your-quiz\" \/><\/label><input type=\"hidden\" name=\"_wpcf7_quiz_answer_your-quiz\" value=\"6ffa0efdb3cab1e99159987c2289808b\" \/><\/span>\n<\/p>\n<p><input class=\"wpcf7-form-control wpcf7-submit has-spinner\" type=\"submit\" value=\"ENVOYER\" \/>\n<\/p><div class=\"wpcf7-response-output\" aria-hidden=\"true\"><\/div>\n<\/form>\n<\/div>\n<\/div>\n            <\/div>\t\t\t\t<\/div>\n\t\t\t\t<\/div>\n\t\t\t\t\t<\/div>\n\t\t<\/div>\n\t\t\t\t\t<\/div>\n\t\t<\/section>\n\t\t\t\t<div class=\"elementor-element elementor-element-522b1c9 elementor-hidden-desktop elementor-hidden-tablet elementor-hidden-mobile elementor-widget elementor-widget-google_maps\" data-id=\"522b1c9\" data-element_type=\"widget\" data-e-type=\"widget\" data-widget_type=\"google_maps.default\">\n\t\t\t\t<div class=\"elementor-widget-container\">\n\t\t\t\t\t\t\t<div class=\"elementor-custom-embed\">\n\t\t\t<iframe loading=\"lazy\"\n\t\t\t\t\tsrc=\"https:\/\/maps.google.com\/maps?q=London%20Eye%2C%20London%2C%20United%20Kingdom&#038;t=m&#038;z=15&#038;output=embed&#038;iwloc=near\"\n\t\t\t\t\ttitle=\"London Eye, London, United Kingdom\"\n\t\t\t\t\taria-label=\"London Eye, London, United Kingdom\"\n\t\t\t><\/iframe>\n\t\t<\/div>\n\t\t\t\t\t\t<\/div>\n\t\t\t\t<\/div>\n\t\t\t\t\t<\/div>\n\t\t<\/div>\n\t\t\t\t\t<\/div>\n\t\t<\/section>\n\t\t\t\t<\/div>\n\t\t","protected":false},"excerpt":{"rendered":"<p>Contact Si vous avez des questions concernant les principes de la Maderoth\u00e9rapie, les cours et les centres Madero, n&#8217;h\u00e9sitez pas \u00e0 nous contacter par e-mail. Nous serons ravis de r\u00e9pondre \u00e0 toutes les questions et les doutes que vous pourriez avoir concernant la Maderoth\u00e9rapie et les normes que nous appliquons dans notre travail. Ime Email [&hellip;]<\/p>\n","protected":false},"author":1,"featured_media":0,"parent":0,"menu_order":0,"comment_status":"closed","ping_status":"closed","template":"","meta":{"_acf_changed":false,"footnotes":""},"class_list":["post-5510","page","type-page","status-publish","hentry"],"acf":[],"yoast_head":"<!-- This site is optimized with the Yoast SEO plugin v27.2 - https:\/\/yoast.com\/product\/yoast-seo-wordpress\/ -->\n<title>Contact - European Madero Association<\/title>\n<meta name=\"robots\" content=\"index, follow, max-snippet:-1, max-image-preview:large, max-video-preview:-1\" \/>\n<link rel=\"canonical\" href=\"https:\/\/maderotherapy.com\/fr\/contact\/\" \/>\n<meta property=\"og:locale\" content=\"fr_FR\" \/>\n<meta property=\"og:type\" content=\"article\" \/>\n<meta property=\"og:title\" content=\"Contact - European Madero Association\" \/>\n<meta property=\"og:description\" content=\"Contact Si vous avez des questions concernant les principes de la Maderoth\u00e9rapie, les cours et les centres Madero, n&#8217;h\u00e9sitez pas \u00e0 nous contacter par e-mail. Nous serons ravis de r\u00e9pondre \u00e0 toutes les questions et les doutes que vous pourriez avoir concernant la Maderoth\u00e9rapie et les normes que nous appliquons dans notre travail. Ime Email [&hellip;]\" \/>\n<meta property=\"og:url\" content=\"https:\/\/maderotherapy.com\/fr\/contact\/\" \/>\n<meta property=\"og:site_name\" content=\"European Madero Association\" \/>\n<meta property=\"article:modified_time\" content=\"2025-09-09T08:00:44+00:00\" \/>\n<meta name=\"twitter:card\" content=\"summary_large_image\" \/>\n<script type=\"application\/ld+json\" class=\"yoast-schema-graph\">{\"@context\":\"https:\/\/schema.org\",\"@graph\":[{\"@type\":\"WebPage\",\"@id\":\"https:\/\/maderotherapy.com\/fr\/contact\/\",\"url\":\"https:\/\/maderotherapy.com\/fr\/contact\/\",\"name\":\"Contact - European Madero Association\",\"isPartOf\":{\"@id\":\"https:\/\/maderotherapy.com\/fr\/#website\"},\"datePublished\":\"2023-06-28T20:15:06+00:00\",\"dateModified\":\"2025-09-09T08:00:44+00:00\",\"breadcrumb\":{\"@id\":\"https:\/\/maderotherapy.com\/fr\/contact\/#breadcrumb\"},\"inLanguage\":\"fr-FR\",\"potentialAction\":[{\"@type\":\"ReadAction\",\"target\":[\"https:\/\/maderotherapy.com\/fr\/contact\/\"]}]},{\"@type\":\"BreadcrumbList\",\"@id\":\"https:\/\/maderotherapy.com\/fr\/contact\/#breadcrumb\",\"itemListElement\":[{\"@type\":\"ListItem\",\"position\":1,\"name\":\"Home\",\"item\":\"https:\/\/maderotherapy.com\/\"},{\"@type\":\"ListItem\",\"position\":2,\"name\":\"Contact\"}]},{\"@type\":\"WebSite\",\"@id\":\"https:\/\/maderotherapy.com\/fr\/#website\",\"url\":\"https:\/\/maderotherapy.com\/fr\/\",\"name\":\"European Madero Association\",\"description\":\"\",\"publisher\":{\"@id\":\"https:\/\/maderotherapy.com\/fr\/#organization\"},\"potentialAction\":[{\"@type\":\"SearchAction\",\"target\":{\"@type\":\"EntryPoint\",\"urlTemplate\":\"https:\/\/maderotherapy.com\/fr\/?s={search_term_string}\"},\"query-input\":{\"@type\":\"PropertyValueSpecification\",\"valueRequired\":true,\"valueName\":\"search_term_string\"}}],\"inLanguage\":\"fr-FR\"},{\"@type\":\"Organization\",\"@id\":\"https:\/\/maderotherapy.com\/fr\/#organization\",\"name\":\"European Madero Association\",\"url\":\"https:\/\/maderotherapy.com\/fr\/\",\"logo\":{\"@type\":\"ImageObject\",\"inLanguage\":\"fr-FR\",\"@id\":\"https:\/\/maderotherapy.com\/fr\/#\/schema\/logo\/image\/\",\"url\":\"https:\/\/maderotherapy.com\/wp-content\/uploads\/2021\/04\/madero-logo.svg\",\"contentUrl\":\"https:\/\/maderotherapy.com\/wp-content\/uploads\/2021\/04\/madero-logo.svg\",\"width\":1,\"height\":1,\"caption\":\"European Madero Association\"},\"image\":{\"@id\":\"https:\/\/maderotherapy.com\/fr\/#\/schema\/logo\/image\/\"}}]}<\/script>\n<!-- \/ Yoast SEO plugin. -->","yoast_head_json":{"title":"Contact - European Madero Association","robots":{"index":"index","follow":"follow","max-snippet":"max-snippet:-1","max-image-preview":"max-image-preview:large","max-video-preview":"max-video-preview:-1"},"canonical":"https:\/\/maderotherapy.com\/fr\/contact\/","og_locale":"fr_FR","og_type":"article","og_title":"Contact - European Madero Association","og_description":"Contact Si vous avez des questions concernant les principes de la Maderoth\u00e9rapie, les cours et les centres Madero, n&#8217;h\u00e9sitez pas \u00e0 nous contacter par e-mail. Nous serons ravis de r\u00e9pondre \u00e0 toutes les questions et les doutes que vous pourriez avoir concernant la Maderoth\u00e9rapie et les normes que nous appliquons dans notre travail. Ime Email [&hellip;]","og_url":"https:\/\/maderotherapy.com\/fr\/contact\/","og_site_name":"European Madero Association","article_modified_time":"2025-09-09T08:00:44+00:00","twitter_card":"summary_large_image","schema":{"@context":"https:\/\/schema.org","@graph":[{"@type":"WebPage","@id":"https:\/\/maderotherapy.com\/fr\/contact\/","url":"https:\/\/maderotherapy.com\/fr\/contact\/","name":"Contact - European Madero Association","isPartOf":{"@id":"https:\/\/maderotherapy.com\/fr\/#website"},"datePublished":"2023-06-28T20:15:06+00:00","dateModified":"2025-09-09T08:00:44+00:00","breadcrumb":{"@id":"https:\/\/maderotherapy.com\/fr\/contact\/#breadcrumb"},"inLanguage":"fr-FR","potentialAction":[{"@type":"ReadAction","target":["https:\/\/maderotherapy.com\/fr\/contact\/"]}]},{"@type":"BreadcrumbList","@id":"https:\/\/maderotherapy.com\/fr\/contact\/#breadcrumb","itemListElement":[{"@type":"ListItem","position":1,"name":"Home","item":"https:\/\/maderotherapy.com\/"},{"@type":"ListItem","position":2,"name":"Contact"}]},{"@type":"WebSite","@id":"https:\/\/maderotherapy.com\/fr\/#website","url":"https:\/\/maderotherapy.com\/fr\/","name":"European Madero Association","description":"","publisher":{"@id":"https:\/\/maderotherapy.com\/fr\/#organization"},"potentialAction":[{"@type":"SearchAction","target":{"@type":"EntryPoint","urlTemplate":"https:\/\/maderotherapy.com\/fr\/?s={search_term_string}"},"query-input":{"@type":"PropertyValueSpecification","valueRequired":true,"valueName":"search_term_string"}}],"inLanguage":"fr-FR"},{"@type":"Organization","@id":"https:\/\/maderotherapy.com\/fr\/#organization","name":"European Madero Association","url":"https:\/\/maderotherapy.com\/fr\/","logo":{"@type":"ImageObject","inLanguage":"fr-FR","@id":"https:\/\/maderotherapy.com\/fr\/#\/schema\/logo\/image\/","url":"https:\/\/maderotherapy.com\/wp-content\/uploads\/2021\/04\/madero-logo.svg","contentUrl":"https:\/\/maderotherapy.com\/wp-content\/uploads\/2021\/04\/madero-logo.svg","width":1,"height":1,"caption":"European Madero Association"},"image":{"@id":"https:\/\/maderotherapy.com\/fr\/#\/schema\/logo\/image\/"}}]}},"_links":{"self":[{"href":"https:\/\/maderotherapy.com\/fr\/wp-json\/wp\/v2\/pages\/5510","targetHints":{"allow":["GET"]}}],"collection":[{"href":"https:\/\/maderotherapy.com\/fr\/wp-json\/wp\/v2\/pages"}],"about":[{"href":"https:\/\/maderotherapy.com\/fr\/wp-json\/wp\/v2\/types\/page"}],"author":[{"embeddable":true,"href":"https:\/\/maderotherapy.com\/fr\/wp-json\/wp\/v2\/users\/1"}],"replies":[{"embeddable":true,"href":"https:\/\/maderotherapy.com\/fr\/wp-json\/wp\/v2\/comments?post=5510"}],"version-history":[{"count":2,"href":"https:\/\/maderotherapy.com\/fr\/wp-json\/wp\/v2\/pages\/5510\/revisions"}],"predecessor-version":[{"id":14642,"href":"https:\/\/maderotherapy.com\/fr\/wp-json\/wp\/v2\/pages\/5510\/revisions\/14642"}],"wp:attachment":[{"href":"https:\/\/maderotherapy.com\/fr\/wp-json\/wp\/v2\/media?parent=5510"}],"curies":[{"name":"wp","href":"https:\/\/api.w.org\/{rel}","templated":true}]}}